{"id":20652,"date":"2023-02-27T13:00:43","date_gmt":"2023-02-27T13:00:43","guid":{"rendered":"https:\/\/gemotec.eu\/?page_id=20652"},"modified":"2026-02-25T09:22:42","modified_gmt":"2026-02-25T09:22:42","slug":"installations-electriques-eclairages","status":"publish","type":"page","link":"https:\/\/gemotec.eu\/fr\/installations-electriques-eclairages\/","title":{"rendered":"Installations \u00e9lectriques &#038; \u00e9clairages"},"content":{"rendered":"\t\t<div data-elementor-type=\"wp-page\" data-elementor-id=\"20652\" class=\"elementor elementor-20652 elementor-19896\">\n\t\t\t\t\t\t<section class=\"elementor-section elementor-top-section elementor-element elementor-element-71d75f18 elementor-section-boxed elementor-section-height-default elementor-section-height-default sc_fly_static\" data-id=\"71d75f18\" data-element_type=\"section\" data-e-type=\"section\">\n\t\t\t\t\t\t<div class=\"elementor-container elementor-column-gap-extended\">\n\t\t\t\t\t<div class=\"elementor-column elementor-col-100 elementor-top-column elementor-element elementor-element-512b5362 sc_inner_width_none sc_content_align_inherit sc_layouts_column_icons_position_left sc_fly_static\" data-id=\"512b5362\" data-element_type=\"column\" data-e-type=\"column\">\n\t\t\t<div class=\"elementor-widget-wrap elementor-element-populated\">\n\t\t\t\t\t\t<div class=\"elementor-element elementor-element-754b3b35 sc_height_medium sc_fly_static elementor-widget elementor-widget-spacer\" data-id=\"754b3b35\" data-element_type=\"widget\" data-e-type=\"widget\" data-widget_type=\"spacer.default\">\n\t\t\t\t<div class=\"elementor-widget-container\">\n\t\t\t\t\t\t\t<div class=\"elementor-spacer\">\n\t\t\t<div class=\"elementor-spacer-inner\"><\/div>\n\t\t<\/div>\n\t\t\t\t\t\t<\/div>\n\t\t\t\t<\/div>\n\t\t\t\t\t<\/div>\n\t\t<\/div>\n\t\t\t\t\t<\/div>\n\t\t<\/section>\n\t\t\t\t<section class=\"elementor-section elementor-top-section elementor-element elementor-element-3272a9d elementor-section-content-middle elementor-section-boxed elementor-section-height-default elementor-section-height-default sc_fly_static\" data-id=\"3272a9d\" data-element_type=\"section\" data-e-type=\"section\">\n\t\t\t\t\t\t<div class=\"elementor-container elementor-column-gap-extended\">\n\t\t\t\t\t<div class=\"elementor-column elementor-col-50 elementor-top-column elementor-element elementor-element-fc1eb5e sc_inner_width_none sc_content_align_inherit sc_layouts_column_icons_position_left sc_fly_static\" data-id=\"fc1eb5e\" data-element_type=\"column\" data-e-type=\"column\">\n\t\t\t<div class=\"elementor-widget-wrap elementor-element-populated\">\n\t\t\t\t\t\t<section class=\"elementor-section elementor-inner-section elementor-element elementor-element-d6a8423 elementor-section-boxed elementor-section-height-default elementor-section-height-default sc_fly_static\" data-id=\"d6a8423\" data-element_type=\"section\" data-e-type=\"section\">\n\t\t\t\t\t\t<div class=\"elementor-container elementor-column-gap-no\">\n\t\t\t\t\t<div class=\"elementor-column elementor-col-50 elementor-inner-column elementor-element elementor-element-cc4bcd9 sc_inner_width_none sc_content_align_inherit sc_layouts_column_icons_position_left sc_fly_static\" data-id=\"cc4bcd9\" data-element_type=\"column\" data-e-type=\"column\">\n\t\t\t<div class=\"elementor-widget-wrap elementor-element-populated\">\n\t\t\t\t\t\t<div class=\"elementor-element elementor-element-d75c464 no-title sc_fly_static elementor-widget elementor-widget-image\" data-id=\"d75c464\" data-element_type=\"widget\" data-e-type=\"widget\" data-widget_type=\"image.default\">\n\t\t\t\t<div class=\"elementor-widget-container\">\n\t\t\t\t\t\t\t\t\t\t\t\t\t\t\t<img fetchpriority=\"high\" decoding=\"async\" width=\"660\" height=\"879\" src=\"https:\/\/gemotec.eu\/wp-content\/uploads\/2023\/02\/Gemotec-elektroinstallationen.jpg\" class=\"attachment-full size-full wp-image-20649\" alt=\"\" srcset=\"https:\/\/gemotec.eu\/wp-content\/uploads\/2023\/02\/Gemotec-elektroinstallationen.jpg 660w, https:\/\/gemotec.eu\/wp-content\/uploads\/2023\/02\/Gemotec-elektroinstallationen-225x300.jpg 225w, https:\/\/gemotec.eu\/wp-content\/uploads\/2023\/02\/Gemotec-elektroinstallationen-370x493.jpg 370w, https:\/\/gemotec.eu\/wp-content\/uploads\/2023\/02\/Gemotec-elektroinstallationen-410x546.jpg 410w, https:\/\/gemotec.eu\/wp-content\/uploads\/2023\/02\/Gemotec-elektroinstallationen-600x799.jpg 600w\" sizes=\"(max-width: 660px) 100vw, 660px\" \/>\t\t\t\t\t\t\t\t\t\t\t\t\t\t\t<\/div>\n\t\t\t\t<\/div>\n\t\t\t\t<div class=\"elementor-element elementor-element-5343dff sc_height_large sc_layouts_hide_on_mobile sc_fly_static elementor-widget elementor-widget-spacer\" data-id=\"5343dff\" data-element_type=\"widget\" data-e-type=\"widget\" data-widget_type=\"spacer.default\">\n\t\t\t\t<div class=\"elementor-widget-container\">\n\t\t\t\t\t\t\t<div class=\"elementor-spacer\">\n\t\t\t<div class=\"elementor-spacer-inner\"><\/div>\n\t\t<\/div>\n\t\t\t\t\t\t<\/div>\n\t\t\t\t<\/div>\n\t\t\t\t\t<\/div>\n\t\t<\/div>\n\t\t\t\t<div class=\"elementor-column elementor-col-50 elementor-inner-column elementor-element elementor-element-1072195 sc_inner_width_none sc_content_align_inherit sc_layouts_column_icons_position_left sc_fly_static\" data-id=\"1072195\" data-element_type=\"column\" data-e-type=\"column\">\n\t\t\t<div class=\"elementor-widget-wrap elementor-element-populated\">\n\t\t\t\t\t\t<div class=\"elementor-element elementor-element-bc2f6f4 no-title sc_fly_static elementor-widget elementor-widget-image\" data-id=\"bc2f6f4\" data-element_type=\"widget\" data-e-type=\"widget\" data-widget_type=\"image.default\">\n\t\t\t\t<div class=\"elementor-widget-container\">\n\t\t\t\t\t\t\t\t\t\t\t\t\t\t\t<img decoding=\"async\" width=\"615\" height=\"675\" src=\"https:\/\/gemotec.eu\/wp-content\/uploads\/2023\/02\/Gemotec-elektroinstallationen2.jpg\" class=\"attachment-full size-full wp-image-20650\" alt=\"\" srcset=\"https:\/\/gemotec.eu\/wp-content\/uploads\/2023\/02\/Gemotec-elektroinstallationen2.jpg 615w, https:\/\/gemotec.eu\/wp-content\/uploads\/2023\/02\/Gemotec-elektroinstallationen2-273x300.jpg 273w, https:\/\/gemotec.eu\/wp-content\/uploads\/2023\/02\/Gemotec-elektroinstallationen2-370x406.jpg 370w, https:\/\/gemotec.eu\/wp-content\/uploads\/2023\/02\/Gemotec-elektroinstallationen2-410x450.jpg 410w, https:\/\/gemotec.eu\/wp-content\/uploads\/2023\/02\/Gemotec-elektroinstallationen2-600x659.jpg 600w\" sizes=\"(max-width: 615px) 100vw, 615px\" \/>\t\t\t\t\t\t\t\t\t\t\t\t\t\t\t<\/div>\n\t\t\t\t<\/div>\n\t\t\t\t\t<\/div>\n\t\t<\/div>\n\t\t\t\t\t<\/div>\n\t\t<\/section>\n\t\t\t\t\t<\/div>\n\t\t<\/div>\n\t\t\t\t<div class=\"elementor-column elementor-col-50 elementor-top-column elementor-element elementor-element-05de179 sc_inner_width_none sc_content_align_inherit sc_layouts_column_icons_position_left sc_fly_static\" data-id=\"05de179\" data-element_type=\"column\" data-e-type=\"column\">\n\t\t\t<div class=\"elementor-widget-wrap elementor-element-populated\">\n\t\t\t\t\t\t<div class=\"elementor-element elementor-element-633259b sc_fly_static elementor-widget elementor-widget-trx_sc_title\" data-id=\"633259b\" data-element_type=\"widget\" data-e-type=\"widget\" data-widget_type=\"trx_sc_title.default\">\n\t\t\t\t<div class=\"elementor-widget-container\">\n\t\t\t\t\t<div\t\tclass=\"sc_title sc_title_default\" ><h1 class=\"sc_item_title sc_title_title sc_item_title_style_default sc_item_title_tag trx_addons_inline_1936841319\"\n\t\t\t><span class=\"sc_item_title_text\">Des solutions syst\u00e8me innovantes adapt\u00e9es individuellement<\/span><\/h1><\/div>\t\t\t\t<\/div>\n\t\t\t\t<\/div>\n\t\t\t\t<div class=\"elementor-element elementor-element-5f27d6d sc_fly_static elementor-widget elementor-widget-spacer\" data-id=\"5f27d6d\" data-element_type=\"widget\" data-e-type=\"widget\" data-widget_type=\"spacer.default\">\n\t\t\t\t<div class=\"elementor-widget-container\">\n\t\t\t\t\t\t\t<div class=\"elementor-spacer\">\n\t\t\t<div class=\"elementor-spacer-inner\"><\/div>\n\t\t<\/div>\n\t\t\t\t\t\t<\/div>\n\t\t\t\t<\/div>\n\t\t\t\t<div class=\"elementor-element elementor-element-0650ec0 sc_fly_static elementor-widget elementor-widget-spacer\" data-id=\"0650ec0\" data-element_type=\"widget\" data-e-type=\"widget\" data-widget_type=\"spacer.default\">\n\t\t\t\t<div class=\"elementor-widget-container\">\n\t\t\t\t\t\t\t<div class=\"elementor-spacer\">\n\t\t\t<div class=\"elementor-spacer-inner\"><\/div>\n\t\t<\/div>\n\t\t\t\t\t\t<\/div>\n\t\t\t\t<\/div>\n\t\t\t\t<div class=\"elementor-element elementor-element-9b74010 sc_fly_static elementor-widget elementor-widget-text-editor\" data-id=\"9b74010\" data-element_type=\"widget\" data-e-type=\"widget\" data-widget_type=\"text-editor.default\">\n\t\t\t\t<div class=\"elementor-widget-container\">\n\t\t\t\t\t\t\t\t\t<p class=\"p1\">Les installations \u00e9lectriques doivent \u00eatre planifi\u00e9es avec soin. C&rsquo;est pourquoi il est important de choisir le bon partenaire pour votre r\u00e9novation ou votre nouvelle construction.<\/p>\t\t\t\t\t\t\t\t<\/div>\n\t\t\t\t<\/div>\n\t\t\t\t<div class=\"elementor-element elementor-element-931235e sc_fly_static elementor-widget elementor-widget-spacer\" data-id=\"931235e\" data-element_type=\"widget\" data-e-type=\"widget\" data-widget_type=\"spacer.default\">\n\t\t\t\t<div class=\"elementor-widget-container\">\n\t\t\t\t\t\t\t<div class=\"elementor-spacer\">\n\t\t\t<div class=\"elementor-spacer-inner\"><\/div>\n\t\t<\/div>\n\t\t\t\t\t\t<\/div>\n\t\t\t\t<\/div>\n\t\t\t\t\t<\/div>\n\t\t<\/div>\n\t\t\t\t\t<\/div>\n\t\t<\/section>\n\t\t\t\t<section class=\"elementor-section elementor-top-section elementor-element elementor-element-6103157 elementor-section-boxed elementor-section-height-default elementor-section-height-default sc_fly_static\" data-id=\"6103157\" data-element_type=\"section\" data-e-type=\"section\">\n\t\t\t\t\t\t<div class=\"elementor-container elementor-column-gap-extended\">\n\t\t\t\t\t<div class=\"elementor-column elementor-col-100 elementor-top-column elementor-element elementor-element-4fad539 sc_inner_width_none sc_content_align_inherit sc_layouts_column_icons_position_left sc_fly_static\" data-id=\"4fad539\" data-element_type=\"column\" data-e-type=\"column\">\n\t\t\t<div class=\"elementor-widget-wrap elementor-element-populated\">\n\t\t\t\t\t\t<div class=\"elementor-element elementor-element-f83977a sc_height_huge sc_fly_static elementor-widget elementor-widget-spacer\" data-id=\"f83977a\" data-element_type=\"widget\" data-e-type=\"widget\" data-widget_type=\"spacer.default\">\n\t\t\t\t<div class=\"elementor-widget-container\">\n\t\t\t\t\t\t\t<div class=\"elementor-spacer\">\n\t\t\t<div class=\"elementor-spacer-inner\"><\/div>\n\t\t<\/div>\n\t\t\t\t\t\t<\/div>\n\t\t\t\t<\/div>\n\t\t\t\t<div class=\"elementor-element elementor-element-ed78ecb sc_height_tiny sc_layouts_hide_on_notebook sc_layouts_hide_on_tablet sc_layouts_hide_on_mobile sc_fly_static elementor-widget elementor-widget-spacer\" data-id=\"ed78ecb\" data-element_type=\"widget\" data-e-type=\"widget\" data-widget_type=\"spacer.default\">\n\t\t\t\t<div class=\"elementor-widget-container\">\n\t\t\t\t\t\t\t<div class=\"elementor-spacer\">\n\t\t\t<div class=\"elementor-spacer-inner\"><\/div>\n\t\t<\/div>\n\t\t\t\t\t\t<\/div>\n\t\t\t\t<\/div>\n\t\t\t\t\t<\/div>\n\t\t<\/div>\n\t\t\t\t\t<\/div>\n\t\t<\/section>\n\t\t\t\t<section class=\"elementor-section elementor-top-section elementor-element elementor-element-0fa891a elementor-section-boxed elementor-section-height-default elementor-section-height-default sc_fly_static\" data-id=\"0fa891a\" data-element_type=\"section\" data-e-type=\"section\">\n\t\t\t\t\t\t<div class=\"elementor-container elementor-column-gap-extended\">\n\t\t\t\t\t<div class=\"elementor-column elementor-col-50 elementor-top-column elementor-element elementor-element-664a632 sc_inner_width_none sc_content_align_inherit sc_layouts_column_icons_position_left sc_fly_static\" data-id=\"664a632\" data-element_type=\"column\" data-e-type=\"column\">\n\t\t\t<div class=\"elementor-widget-wrap elementor-element-populated\">\n\t\t\t\t\t\t<div class=\"elementor-element elementor-element-713a8c3 sc_fly_static elementor-widget elementor-widget-text-editor\" data-id=\"713a8c3\" data-element_type=\"widget\" data-e-type=\"widget\" data-widget_type=\"text-editor.default\">\n\t\t\t\t<div class=\"elementor-widget-container\">\n\t\t\t\t\t\t\t\t\t<h4 class=\"p1\"><span class=\"s1\" style=\"color: #63ae20;\">Installations \u00e9lectriques<\/span><\/h4><p class=\"p1\">La <strong>planification<\/strong> et l<strong>&lsquo;installation professionnelle<\/strong> des c\u00e2bles \u00e9lectriques, des interrupteurs et des prises de courant sont r\u00e9alis\u00e9es de mani\u00e8re personnalis\u00e9e et adapt\u00e9e aux besoins du client afin de r\u00e9pondre \u00e0 100 % \u00e0 ses exigences.<\/p>\t\t\t\t\t\t\t\t<\/div>\n\t\t\t\t<\/div>\n\t\t\t\t\t<\/div>\n\t\t<\/div>\n\t\t\t\t<div class=\"elementor-column elementor-col-50 elementor-top-column elementor-element elementor-element-185a4b0 sc_inner_width_none sc_content_align_inherit sc_layouts_column_icons_position_left sc_fly_static\" data-id=\"185a4b0\" data-element_type=\"column\" data-e-type=\"column\">\n\t\t\t<div class=\"elementor-widget-wrap elementor-element-populated\">\n\t\t\t\t\t\t<div class=\"elementor-element elementor-element-41171bf sc_layouts_hide_on_wide sc_layouts_hide_on_desktop sc_layouts_hide_on_notebook sc_layouts_hide_on_tablet sc_fly_static elementor-widget elementor-widget-spacer\" data-id=\"41171bf\" data-element_type=\"widget\" data-e-type=\"widget\" data-widget_type=\"spacer.default\">\n\t\t\t\t<div class=\"elementor-widget-container\">\n\t\t\t\t\t\t\t<div class=\"elementor-spacer\">\n\t\t\t<div class=\"elementor-spacer-inner\"><\/div>\n\t\t<\/div>\n\t\t\t\t\t\t<\/div>\n\t\t\t\t<\/div>\n\t\t\t\t<div class=\"elementor-element elementor-element-03f93ca sc_fly_static elementor-widget elementor-widget-text-editor\" data-id=\"03f93ca\" data-element_type=\"widget\" data-e-type=\"widget\" data-widget_type=\"text-editor.default\">\n\t\t\t\t<div class=\"elementor-widget-container\">\n\t\t\t\t\t\t\t\t\t<h4 class=\"p1\"><span class=\"s1\" style=\"color: #63ae20;\">Eclairage<\/span><\/h4><p class=\"p1\">Que ce soit pour l&rsquo;habitat ou pour un usage professionnel, il est important de cr\u00e9er les bons accents lumineux. Pour y parvenir, nous utilisons les technologies les plus r\u00e9centes afin de r\u00e9duire au maximum la consommation d&rsquo;\u00e9nergie. Nous proposons \u00e9galement une large gamme de solutions pour l&rsquo;ext\u00e9rieur. <\/p>\t\t\t\t\t\t\t\t<\/div>\n\t\t\t\t<\/div>\n\t\t\t\t\t<\/div>\n\t\t<\/div>\n\t\t\t\t\t<\/div>\n\t\t<\/section>\n\t\t\t\t<section class=\"elementor-section elementor-top-section elementor-element elementor-element-e141598 elementor-section-boxed elementor-section-height-default elementor-section-height-default sc_fly_static\" data-id=\"e141598\" data-element_type=\"section\" data-e-type=\"section\">\n\t\t\t\t\t\t<div class=\"elementor-container elementor-column-gap-extended\">\n\t\t\t\t\t<div class=\"elementor-column elementor-col-100 elementor-top-column elementor-element elementor-element-7856228 sc_inner_width_none sc_content_align_inherit sc_layouts_column_icons_position_left sc_fly_static\" data-id=\"7856228\" data-element_type=\"column\" data-e-type=\"column\">\n\t\t\t<div class=\"elementor-widget-wrap elementor-element-populated\">\n\t\t\t\t\t\t<div class=\"elementor-element elementor-element-2607952 sc_height_large sc_fly_static elementor-widget elementor-widget-spacer\" data-id=\"2607952\" data-element_type=\"widget\" data-e-type=\"widget\" data-widget_type=\"spacer.default\">\n\t\t\t\t<div class=\"elementor-widget-container\">\n\t\t\t\t\t\t\t<div class=\"elementor-spacer\">\n\t\t\t<div class=\"elementor-spacer-inner\"><\/div>\n\t\t<\/div>\n\t\t\t\t\t\t<\/div>\n\t\t\t\t<\/div>\n\t\t\t\t\t<\/div>\n\t\t<\/div>\n\t\t\t\t\t<\/div>\n\t\t<\/section>\n\t\t\t\t<section class=\"elementor-section elementor-top-section elementor-element elementor-element-80aa606 elementor-section-boxed elementor-section-height-default elementor-section-height-default sc_fly_static\" data-id=\"80aa606\" data-element_type=\"section\" data-e-type=\"section\">\n\t\t\t\t\t\t<div class=\"elementor-container elementor-column-gap-extended\">\n\t\t\t\t\t<div class=\"elementor-column elementor-col-50 elementor-top-column elementor-element elementor-element-f409497 sc_inner_width_none sc_content_align_inherit sc_layouts_column_icons_position_left sc_fly_static\" data-id=\"f409497\" data-element_type=\"column\" data-e-type=\"column\">\n\t\t\t<div class=\"elementor-widget-wrap elementor-element-populated\">\n\t\t\t\t\t\t<div class=\"elementor-element elementor-element-9873dd6 sc_fly_static elementor-widget elementor-widget-text-editor\" data-id=\"9873dd6\" data-element_type=\"widget\" data-e-type=\"widget\" data-widget_type=\"text-editor.default\">\n\t\t\t\t<div class=\"elementor-widget-container\">\n\t\t\t\t\t\t\t\t\t<h4 class=\"p1\"><span class=\"s1\" style=\"color: #63ae20;\">Syst\u00e8mes de contr\u00f4le domestique<\/span><\/h4><p class=\"p1\">L&rsquo;\u00e9lectrotechnique ayant connu une \u00e9volution constante en termes de fonctionnalit\u00e9s et d&rsquo;appareils, il est d\u00e9sormais possible de commander et de contr\u00f4ler tous les services de mani\u00e8re centralis\u00e9e (par exemple l&rsquo;\u00e9clairage, les stores, les appareils \u00e9lectrom\u00e9nagers, le chauffage, etc.). Le confort de vie et l&rsquo;efficacit\u00e9 \u00e9nerg\u00e9tique s&rsquo;en trouvent ainsi consid\u00e9rablement am\u00e9lior\u00e9s. <\/p><p class=\"p1\"><strong>Notre service complet comprend :<\/strong><\/p><ul class=\"ul1\"><li class=\"li2\">R\u00e9novation d&rsquo;anciennes installations<\/li><li class=\"li2\">Planification et installation compl\u00e8te dans les nouvelles constructions<\/li><li class=\"li2\">Conception d&rsquo;\u00e9clairage et \u00e9clairage LED<\/li><li class=\"li2\">Ouvre-portes de garage<\/li><li class=\"li2\">Syst\u00e8mes d&rsquo;alarme<\/li><li class=\"li2\">C\u00e2blage r\u00e9seau<\/li><\/ul>\t\t\t\t\t\t\t\t<\/div>\n\t\t\t\t<\/div>\n\t\t\t\t\t<\/div>\n\t\t<\/div>\n\t\t\t\t<div class=\"elementor-column elementor-col-50 elementor-top-column elementor-element elementor-element-7accac4 sc_inner_width_none sc_content_align_inherit sc_layouts_column_icons_position_left sc_fly_static\" data-id=\"7accac4\" data-element_type=\"column\" data-e-type=\"column\">\n\t\t\t<div class=\"elementor-widget-wrap elementor-element-populated\">\n\t\t\t\t\t\t<div class=\"elementor-element elementor-element-736fb57 sc_fly_static elementor-widget elementor-widget-image\" data-id=\"736fb57\" data-element_type=\"widget\" data-e-type=\"widget\" data-widget_type=\"image.default\">\n\t\t\t\t<div class=\"elementor-widget-container\">\n\t\t\t\t\t\t\t\t\t\t\t\t\t\t\t<img decoding=\"async\" width=\"723\" height=\"482\" src=\"https:\/\/gemotec.eu\/wp-content\/uploads\/2023\/03\/Gemotec-elektroinstallationen3.jpg\" class=\"attachment-large size-large wp-image-20651\" alt=\"\" srcset=\"https:\/\/gemotec.eu\/wp-content\/uploads\/2023\/03\/Gemotec-elektroinstallationen3.jpg 723w, https:\/\/gemotec.eu\/wp-content\/uploads\/2023\/03\/Gemotec-elektroinstallationen3-300x200.jpg 300w, https:\/\/gemotec.eu\/wp-content\/uploads\/2023\/03\/Gemotec-elektroinstallationen3-370x247.jpg 370w, https:\/\/gemotec.eu\/wp-content\/uploads\/2023\/03\/Gemotec-elektroinstallationen3-410x273.jpg 410w, https:\/\/gemotec.eu\/wp-content\/uploads\/2023\/03\/Gemotec-elektroinstallationen3-600x400.jpg 600w\" sizes=\"(max-width: 723px) 100vw, 723px\" \/>\t\t\t\t\t\t\t\t\t\t\t\t\t\t\t<\/div>\n\t\t\t\t<\/div>\n\t\t\t\t\t<\/div>\n\t\t<\/div>\n\t\t\t\t\t<\/div>\n\t\t<\/section>\n\t\t\t\t<section class=\"elementor-section elementor-top-section elementor-element elementor-element-21a521a elementor-section-boxed elementor-section-height-default elementor-section-height-default sc_fly_static\" data-id=\"21a521a\" data-element_type=\"section\" data-e-type=\"section\">\n\t\t\t\t\t\t<div class=\"elementor-container elementor-column-gap-extended\">\n\t\t\t\t\t<div class=\"elementor-column elementor-col-100 elementor-top-column elementor-element elementor-element-bdd49ca sc_inner_width_none sc_content_align_inherit sc_layouts_column_icons_position_left sc_fly_static\" data-id=\"bdd49ca\" data-element_type=\"column\" data-e-type=\"column\">\n\t\t\t<div class=\"elementor-widget-wrap elementor-element-populated\">\n\t\t\t\t\t\t<div class=\"elementor-element elementor-element-8990618 sc_height_large sc_fly_static elementor-widget elementor-widget-spacer\" data-id=\"8990618\" data-element_type=\"widget\" data-e-type=\"widget\" data-widget_type=\"spacer.default\">\n\t\t\t\t<div class=\"elementor-widget-container\">\n\t\t\t\t\t\t\t<div class=\"elementor-spacer\">\n\t\t\t<div class=\"elementor-spacer-inner\"><\/div>\n\t\t<\/div>\n\t\t\t\t\t\t<\/div>\n\t\t\t\t<\/div>\n\t\t\t\t<div class=\"elementor-element elementor-element-1c1e542 elementor-widget-divider--separator-type-pattern elementor-widget-divider--view-line sc_fly_static elementor-widget elementor-widget-divider\" data-id=\"1c1e542\" data-element_type=\"widget\" data-e-type=\"widget\" data-widget_type=\"divider.default\">\n\t\t\t\t<div class=\"elementor-widget-container\">\n\t\t\t\t\t\t\t<div class=\"elementor-divider\" style=\"--divider-pattern-url: url(&quot;data:image\/svg+xml,%3Csvg xmlns=&#039;http:\/\/www.w3.org\/2000\/svg&#039; preserveAspectRatio=&#039;none&#039; overflow=&#039;visible&#039; height=&#039;100%&#039; viewBox=&#039;0 0 20 16&#039; fill=&#039;none&#039; stroke=&#039;black&#039; stroke-width=&#039;2.2&#039; stroke-linecap=&#039;square&#039; stroke-miterlimit=&#039;10&#039;%3E%3Cg transform=&#039;translate(-12.000000, 0)&#039;%3E%3Cpath d=&#039;M28,0L10,18&#039;\/%3E%3Cpath d=&#039;M18,0L0,18&#039;\/%3E%3Cpath d=&#039;M48,0L30,18&#039;\/%3E%3Cpath d=&#039;M38,0L20,18&#039;\/%3E%3C\/g%3E%3C\/svg%3E&quot;);\">\n\t\t\t<span class=\"elementor-divider-separator\">\n\t\t\t\t\t\t<\/span>\n\t\t<\/div>\n\t\t\t\t\t\t<\/div>\n\t\t\t\t<\/div>\n\t\t\t\t<div class=\"elementor-element elementor-element-f3b1b23 sc_fly_static elementor-widget elementor-widget-trx_sc_icons\" data-id=\"f3b1b23\" data-element_type=\"widget\" data-e-type=\"widget\" data-widget_type=\"trx_sc_icons.default\">\n\t\t\t\t<div class=\"elementor-widget-container\">\n\t\t\t\t\t<div \tclass=\"sc_icons sc_icons_alter sc_icons_size_large sc_align_left\" ><div class=\"sc_icons_item sc_icons_item_linked with_more\"><div class=\"sc_icons_icon sc_icon_type_ icon-speech\" style=\"color: #63AE20\" ><span class=\"sc_icon_type_ icon-speech\" style=\"color: #63AE20\"><\/span><\/div><div class=\"sc_icons_item_details\"><h4 class=\"sc_icons_item_title\" style=\"color:#1A4E23;\"><a href=\"http:\/\/gemotec.eu\/fr\/contact\/\">\n                                    Contactez-nous                                    <\/a><\/h4><div class=\"sc_icons_item_description\"><span>Vous avez des questions  ou souhaitez discuter de votre projet ? N'h\u00e9sitez pas \u00e0 nous contacter.<\/span><\/div><a href=\"http:\/\/gemotec.eu\/fr\/contact\/\" class=\"sc_icons_item_more_link\">\n                        <span class=\"link_text\">Allez \u00e0 la demande<\/span><span class=\"link_icon\"><\/span>\n                        <\/a><a href=\"http:\/\/gemotec.eu\/fr\/contact\/\"\n                        class=\"sc_icons_item_link\">\n                        <\/a><\/div><\/div><\/div><!-- \/.sc_icons -->\t\t\t\t<\/div>\n\t\t\t\t<\/div>\n\t\t\t\t<div class=\"elementor-element elementor-element-8b14cf1 sc_height_huge sc_fly_static elementor-widget elementor-widget-spacer\" data-id=\"8b14cf1\" data-element_type=\"widget\" data-e-type=\"widget\" data-widget_type=\"spacer.default\">\n\t\t\t\t<div class=\"elementor-widget-container\">\n\t\t\t\t\t\t\t<div class=\"elementor-spacer\">\n\t\t\t<div class=\"elementor-spacer-inner\"><\/div>\n\t\t<\/div>\n\t\t\t\t\t\t<\/div>\n\t\t\t\t<\/div>\n\t\t\t\t<div class=\"elementor-element elementor-element-629050e sc_height_tiny sc_layouts_hide_on_notebook sc_layouts_hide_on_tablet sc_layouts_hide_on_mobile sc_fly_static elementor-widget elementor-widget-spacer\" data-id=\"629050e\" data-element_type=\"widget\" data-e-type=\"widget\" data-widget_type=\"spacer.default\">\n\t\t\t\t<div class=\"elementor-widget-container\">\n\t\t\t\t\t\t\t<div class=\"elementor-spacer\">\n\t\t\t<div class=\"elementor-spacer-inner\"><\/div>\n\t\t<\/div>\n\t\t\t\t\t\t<\/div>\n\t\t\t\t<\/div>\n\t\t\t\t\t<\/div>\n\t\t<\/div>\n\t\t\t\t\t<\/div>\n\t\t<\/section>\n\t\t\t\t<\/div>\n\t\t","protected":false},"excerpt":{"rendered":"<p>Des solutions syst\u00e8me innovantes adapt\u00e9es individuellement Les installations \u00e9lectriques doivent \u00eatre planifi\u00e9es avec soin. C&rsquo;est pourquoi il est important de choisir le bon partenaire pour votre r\u00e9novation ou votre nouvelle&hellip;<\/p>\n","protected":false},"author":1,"featured_media":0,"parent":0,"menu_order":0,"comment_status":"closed","ping_status":"closed","template":"","meta":{"_monsterinsights_skip_tracking":false,"_monsterinsights_sitenote_active":false,"_monsterinsights_sitenote_note":"","_monsterinsights_sitenote_category":0,"footnotes":""},"class_list":["post-20652","page","type-page","status-publish","hentry"],"_links":{"self":[{"href":"https:\/\/gemotec.eu\/fr\/wp-json\/wp\/v2\/pages\/20652","targetHints":{"allow":["GET"]}}],"collection":[{"href":"https:\/\/gemotec.eu\/fr\/wp-json\/wp\/v2\/pages"}],"about":[{"href":"https:\/\/gemotec.eu\/fr\/wp-json\/wp\/v2\/types\/page"}],"author":[{"embeddable":true,"href":"https:\/\/gemotec.eu\/fr\/wp-json\/wp\/v2\/users\/1"}],"replies":[{"embeddable":true,"href":"https:\/\/gemotec.eu\/fr\/wp-json\/wp\/v2\/comments?post=20652"}],"version-history":[{"count":5,"href":"https:\/\/gemotec.eu\/fr\/wp-json\/wp\/v2\/pages\/20652\/revisions"}],"predecessor-version":[{"id":20766,"href":"https:\/\/gemotec.eu\/fr\/wp-json\/wp\/v2\/pages\/20652\/revisions\/20766"}],"wp:attachment":[{"href":"https:\/\/gemotec.eu\/fr\/wp-json\/wp\/v2\/media?parent=20652"}],"curies":[{"name":"wp","href":"https:\/\/api.w.org\/{rel}","templated":true}]}}