{"id":20703,"date":"2023-02-27T13:34:36","date_gmt":"2023-02-27T13:34:36","guid":{"rendered":"https:\/\/gemotec.eu\/?page_id=20703"},"modified":"2026-02-25T09:23:19","modified_gmt":"2026-02-25T09:23:19","slug":"ventilation","status":"publish","type":"page","link":"https:\/\/gemotec.eu\/fr\/ventilation\/","title":{"rendered":"Ventilation"},"content":{"rendered":"\t\t<div data-elementor-type=\"wp-page\" data-elementor-id=\"20703\" class=\"elementor elementor-20703 elementor-19934\">\n\t\t\t\t\t\t<section class=\"elementor-section elementor-top-section elementor-element elementor-element-71d75f18 elementor-section-boxed elementor-section-height-default elementor-section-height-default sc_fly_static\" data-id=\"71d75f18\" data-element_type=\"section\" data-e-type=\"section\">\n\t\t\t\t\t\t<div class=\"elementor-container elementor-column-gap-extended\">\n\t\t\t\t\t<div class=\"elementor-column elementor-col-100 elementor-top-column elementor-element elementor-element-512b5362 sc_inner_width_none sc_content_align_inherit sc_layouts_column_icons_position_left sc_fly_static\" data-id=\"512b5362\" data-element_type=\"column\" data-e-type=\"column\">\n\t\t\t<div class=\"elementor-widget-wrap elementor-element-populated\">\n\t\t\t\t\t\t<div class=\"elementor-element elementor-element-754b3b35 sc_height_medium sc_fly_static elementor-widget elementor-widget-spacer\" data-id=\"754b3b35\" data-element_type=\"widget\" data-e-type=\"widget\" data-widget_type=\"spacer.default\">\n\t\t\t\t<div class=\"elementor-widget-container\">\n\t\t\t\t\t\t\t<div class=\"elementor-spacer\">\n\t\t\t<div class=\"elementor-spacer-inner\"><\/div>\n\t\t<\/div>\n\t\t\t\t\t\t<\/div>\n\t\t\t\t<\/div>\n\t\t\t\t\t<\/div>\n\t\t<\/div>\n\t\t\t\t\t<\/div>\n\t\t<\/section>\n\t\t\t\t<section class=\"elementor-section elementor-top-section elementor-element elementor-element-3272a9d elementor-section-content-middle elementor-section-boxed elementor-section-height-default elementor-section-height-default sc_fly_static\" data-id=\"3272a9d\" data-element_type=\"section\" data-e-type=\"section\">\n\t\t\t\t\t\t<div class=\"elementor-container elementor-column-gap-extended\">\n\t\t\t\t\t<div class=\"elementor-column elementor-col-50 elementor-top-column elementor-element elementor-element-fc1eb5e sc_inner_width_none sc_content_align_inherit sc_layouts_column_icons_position_left sc_fly_static\" data-id=\"fc1eb5e\" data-element_type=\"column\" data-e-type=\"column\">\n\t\t\t<div class=\"elementor-widget-wrap elementor-element-populated\">\n\t\t\t\t\t\t<section class=\"elementor-section elementor-inner-section elementor-element elementor-element-d6a8423 elementor-section-boxed elementor-section-height-default elementor-section-height-default sc_fly_static\" data-id=\"d6a8423\" data-element_type=\"section\" data-e-type=\"section\">\n\t\t\t\t\t\t<div class=\"elementor-container elementor-column-gap-no\">\n\t\t\t\t\t<div class=\"elementor-column elementor-col-50 elementor-inner-column elementor-element elementor-element-cc4bcd9 sc_inner_width_none sc_content_align_inherit sc_layouts_column_icons_position_left sc_fly_static\" data-id=\"cc4bcd9\" data-element_type=\"column\" data-e-type=\"column\">\n\t\t\t<div class=\"elementor-widget-wrap elementor-element-populated\">\n\t\t\t\t\t\t<div class=\"elementor-element elementor-element-d75c464 no-title sc_fly_static elementor-widget elementor-widget-image\" data-id=\"d75c464\" data-element_type=\"widget\" data-e-type=\"widget\" data-widget_type=\"image.default\">\n\t\t\t\t<div class=\"elementor-widget-container\">\n\t\t\t\t\t\t\t\t\t\t\t\t\t\t\t<img fetchpriority=\"high\" decoding=\"async\" width=\"660\" height=\"879\" src=\"https:\/\/gemotec.eu\/wp-content\/uploads\/2023\/02\/Gemotec-belueftung-frischluft.jpg\" class=\"attachment-full size-full wp-image-20699\" alt=\"\" srcset=\"https:\/\/gemotec.eu\/wp-content\/uploads\/2023\/02\/Gemotec-belueftung-frischluft.jpg 660w, https:\/\/gemotec.eu\/wp-content\/uploads\/2023\/02\/Gemotec-belueftung-frischluft-225x300.jpg 225w, https:\/\/gemotec.eu\/wp-content\/uploads\/2023\/02\/Gemotec-belueftung-frischluft-370x493.jpg 370w, https:\/\/gemotec.eu\/wp-content\/uploads\/2023\/02\/Gemotec-belueftung-frischluft-410x546.jpg 410w, https:\/\/gemotec.eu\/wp-content\/uploads\/2023\/02\/Gemotec-belueftung-frischluft-600x799.jpg 600w\" sizes=\"(max-width: 660px) 100vw, 660px\" \/>\t\t\t\t\t\t\t\t\t\t\t\t\t\t\t<\/div>\n\t\t\t\t<\/div>\n\t\t\t\t<div class=\"elementor-element elementor-element-5343dff sc_height_large sc_layouts_hide_on_mobile sc_fly_static elementor-widget elementor-widget-spacer\" data-id=\"5343dff\" data-element_type=\"widget\" data-e-type=\"widget\" data-widget_type=\"spacer.default\">\n\t\t\t\t<div class=\"elementor-widget-container\">\n\t\t\t\t\t\t\t<div class=\"elementor-spacer\">\n\t\t\t<div class=\"elementor-spacer-inner\"><\/div>\n\t\t<\/div>\n\t\t\t\t\t\t<\/div>\n\t\t\t\t<\/div>\n\t\t\t\t\t<\/div>\n\t\t<\/div>\n\t\t\t\t<div class=\"elementor-column elementor-col-50 elementor-inner-column elementor-element elementor-element-1072195 sc_inner_width_none sc_content_align_inherit sc_layouts_column_icons_position_left sc_fly_static\" data-id=\"1072195\" data-element_type=\"column\" data-e-type=\"column\">\n\t\t\t<div class=\"elementor-widget-wrap elementor-element-populated\">\n\t\t\t\t\t\t<div class=\"elementor-element elementor-element-bc2f6f4 no-title sc_fly_static elementor-widget elementor-widget-image\" data-id=\"bc2f6f4\" data-element_type=\"widget\" data-e-type=\"widget\" data-widget_type=\"image.default\">\n\t\t\t\t<div class=\"elementor-widget-container\">\n\t\t\t\t\t\t\t\t\t\t\t\t\t\t\t<img decoding=\"async\" width=\"615\" height=\"675\" src=\"https:\/\/gemotec.eu\/wp-content\/uploads\/2023\/02\/Gemotec-belueftung.jpg\" class=\"attachment-full size-full wp-image-20700\" alt=\"\" srcset=\"https:\/\/gemotec.eu\/wp-content\/uploads\/2023\/02\/Gemotec-belueftung.jpg 615w, https:\/\/gemotec.eu\/wp-content\/uploads\/2023\/02\/Gemotec-belueftung-273x300.jpg 273w, https:\/\/gemotec.eu\/wp-content\/uploads\/2023\/02\/Gemotec-belueftung-370x406.jpg 370w, https:\/\/gemotec.eu\/wp-content\/uploads\/2023\/02\/Gemotec-belueftung-410x450.jpg 410w, https:\/\/gemotec.eu\/wp-content\/uploads\/2023\/02\/Gemotec-belueftung-600x659.jpg 600w\" sizes=\"(max-width: 615px) 100vw, 615px\" \/>\t\t\t\t\t\t\t\t\t\t\t\t\t\t\t<\/div>\n\t\t\t\t<\/div>\n\t\t\t\t\t<\/div>\n\t\t<\/div>\n\t\t\t\t\t<\/div>\n\t\t<\/section>\n\t\t\t\t\t<\/div>\n\t\t<\/div>\n\t\t\t\t<div class=\"elementor-column elementor-col-50 elementor-top-column elementor-element elementor-element-05de179 sc_inner_width_none sc_content_align_inherit sc_layouts_column_icons_position_left sc_fly_static\" data-id=\"05de179\" data-element_type=\"column\" data-e-type=\"column\">\n\t\t\t<div class=\"elementor-widget-wrap elementor-element-populated\">\n\t\t\t\t\t\t<div class=\"elementor-element elementor-element-633259b sc_fly_static elementor-widget elementor-widget-trx_sc_title\" data-id=\"633259b\" data-element_type=\"widget\" data-e-type=\"widget\" data-widget_type=\"trx_sc_title.default\">\n\t\t\t\t<div class=\"elementor-widget-container\">\n\t\t\t\t\t<div\t\tclass=\"sc_title sc_title_default\" ><h1 class=\"sc_item_title sc_title_title sc_item_title_style_default sc_item_title_tag trx_addons_inline_702664255\"\n\t\t\t><span class=\"sc_item_title_text\">De l'air frais dans votre maison \u00e0 tout moment\n<\/span><\/h1><\/div>\t\t\t\t<\/div>\n\t\t\t\t<\/div>\n\t\t\t\t<div class=\"elementor-element elementor-element-5f27d6d sc_fly_static elementor-widget elementor-widget-spacer\" data-id=\"5f27d6d\" data-element_type=\"widget\" data-e-type=\"widget\" data-widget_type=\"spacer.default\">\n\t\t\t\t<div class=\"elementor-widget-container\">\n\t\t\t\t\t\t\t<div class=\"elementor-spacer\">\n\t\t\t<div class=\"elementor-spacer-inner\"><\/div>\n\t\t<\/div>\n\t\t\t\t\t\t<\/div>\n\t\t\t\t<\/div>\n\t\t\t\t<div class=\"elementor-element elementor-element-0650ec0 sc_fly_static elementor-widget elementor-widget-spacer\" data-id=\"0650ec0\" data-element_type=\"widget\" data-e-type=\"widget\" data-widget_type=\"spacer.default\">\n\t\t\t\t<div class=\"elementor-widget-container\">\n\t\t\t\t\t\t\t<div class=\"elementor-spacer\">\n\t\t\t<div class=\"elementor-spacer-inner\"><\/div>\n\t\t<\/div>\n\t\t\t\t\t\t<\/div>\n\t\t\t\t<\/div>\n\t\t\t\t<div class=\"elementor-element elementor-element-9b74010 sc_fly_static elementor-widget elementor-widget-text-editor\" data-id=\"9b74010\" data-element_type=\"widget\" data-e-type=\"widget\" data-widget_type=\"text-editor.default\">\n\t\t\t\t<div class=\"elementor-widget-container\">\n\t\t\t\t\t\t\t\t\t<p>Dans les maisons \u00e0 basse consommation \u00e9nerg\u00e9tique et passives, l&rsquo;enveloppe du b\u00e2timent est tellement \u00e9tanche \u00e0 l&rsquo;air que l&rsquo;humidit\u00e9 produite \u00e0 l&rsquo;int\u00e9rieur (par la respiration, la transpiration, la cuisine, la douche, etc.) et les odeurs (cuisine, toilettes) ne peuvent plus s&rsquo;\u00e9chapper naturellement vers l&rsquo;ext\u00e9rieur et qu&rsquo;\u00e0 l&rsquo;inverse, trop peu d&rsquo;air ext\u00e9rieur (\u00ab air frais \u00bb) p\u00e9n\u00e8tre dans la maison.<\/p>\t\t\t\t\t\t\t\t<\/div>\n\t\t\t\t<\/div>\n\t\t\t\t<div class=\"elementor-element elementor-element-931235e sc_fly_static elementor-widget elementor-widget-spacer\" data-id=\"931235e\" data-element_type=\"widget\" data-e-type=\"widget\" data-widget_type=\"spacer.default\">\n\t\t\t\t<div class=\"elementor-widget-container\">\n\t\t\t\t\t\t\t<div class=\"elementor-spacer\">\n\t\t\t<div class=\"elementor-spacer-inner\"><\/div>\n\t\t<\/div>\n\t\t\t\t\t\t<\/div>\n\t\t\t\t<\/div>\n\t\t\t\t\t<\/div>\n\t\t<\/div>\n\t\t\t\t\t<\/div>\n\t\t<\/section>\n\t\t\t\t<section class=\"elementor-section elementor-top-section elementor-element elementor-element-6103157 elementor-section-boxed elementor-section-height-default elementor-section-height-default sc_fly_static\" data-id=\"6103157\" data-element_type=\"section\" data-e-type=\"section\">\n\t\t\t\t\t\t<div class=\"elementor-container elementor-column-gap-extended\">\n\t\t\t\t\t<div class=\"elementor-column elementor-col-100 elementor-top-column elementor-element elementor-element-4fad539 sc_inner_width_none sc_content_align_inherit sc_layouts_column_icons_position_left sc_fly_static\" data-id=\"4fad539\" data-element_type=\"column\" data-e-type=\"column\">\n\t\t\t<div class=\"elementor-widget-wrap elementor-element-populated\">\n\t\t\t\t\t\t<div class=\"elementor-element elementor-element-f83977a sc_height_huge sc_fly_static elementor-widget elementor-widget-spacer\" data-id=\"f83977a\" data-element_type=\"widget\" data-e-type=\"widget\" data-widget_type=\"spacer.default\">\n\t\t\t\t<div class=\"elementor-widget-container\">\n\t\t\t\t\t\t\t<div class=\"elementor-spacer\">\n\t\t\t<div class=\"elementor-spacer-inner\"><\/div>\n\t\t<\/div>\n\t\t\t\t\t\t<\/div>\n\t\t\t\t<\/div>\n\t\t\t\t<div class=\"elementor-element elementor-element-ed78ecb sc_height_tiny sc_layouts_hide_on_notebook sc_layouts_hide_on_tablet sc_layouts_hide_on_mobile sc_fly_static elementor-widget elementor-widget-spacer\" data-id=\"ed78ecb\" data-element_type=\"widget\" data-e-type=\"widget\" data-widget_type=\"spacer.default\">\n\t\t\t\t<div class=\"elementor-widget-container\">\n\t\t\t\t\t\t\t<div class=\"elementor-spacer\">\n\t\t\t<div class=\"elementor-spacer-inner\"><\/div>\n\t\t<\/div>\n\t\t\t\t\t\t<\/div>\n\t\t\t\t<\/div>\n\t\t\t\t\t<\/div>\n\t\t<\/div>\n\t\t\t\t\t<\/div>\n\t\t<\/section>\n\t\t\t\t<section class=\"elementor-section elementor-top-section elementor-element elementor-element-b0c448d elementor-section-boxed elementor-section-height-default elementor-section-height-default sc_fly_static\" data-id=\"b0c448d\" data-element_type=\"section\" data-e-type=\"section\">\n\t\t\t\t\t\t<div class=\"elementor-container elementor-column-gap-extended\">\n\t\t\t\t\t<div class=\"elementor-column elementor-col-50 elementor-top-column elementor-element elementor-element-887b51f sc_inner_width_none sc_content_align_inherit sc_layouts_column_icons_position_left sc_fly_static\" data-id=\"887b51f\" data-element_type=\"column\" data-e-type=\"column\">\n\t\t\t<div class=\"elementor-widget-wrap elementor-element-populated\">\n\t\t\t\t\t\t<div class=\"elementor-element elementor-element-713a8c3 sc_fly_static elementor-widget elementor-widget-text-editor\" data-id=\"713a8c3\" data-element_type=\"widget\" data-e-type=\"widget\" data-widget_type=\"text-editor.default\">\n\t\t\t\t<div class=\"elementor-widget-container\">\n\t\t\t\t\t\t\t\t\t<p class=\"p1\">Il n&rsquo;est pas rare que de la moisissure se forme dans les pi\u00e8ces humides, en particulier dans la salle de bain !<\/p><p class=\"p1\">Gr\u00e2ce \u00e0 l&rsquo;am\u00e9lioration consid\u00e9rable de l&rsquo;isolation thermique de l&rsquo;enveloppe du b\u00e2timent, la part des pertes de chaleur li\u00e9es \u00e0 la ventilation dans les pertes thermiques totales d&rsquo;un b\u00e2timent a augment\u00e9. Afin de pouvoir se passer d&rsquo;une installation de chauffage central co\u00fbteuse dans les maisons \u00e0 basse consommation d&rsquo;\u00e9nergie et les maisons passives, il est devenu n\u00e9cessaire d&rsquo;automatiser la ventilation et l&rsquo;a\u00e9ration des maisons et de r\u00e9cup\u00e9rer la chaleur contenue dans l&rsquo;air \u00e9vacu\u00e9 \u00e0 l&rsquo;aide d&rsquo;un \u00e9changeur de chaleur pour l&rsquo;acheminer vers l&rsquo;air entrant (\u00ab r\u00e9cup\u00e9ration de chaleur \u00bb).<\/p>\t\t\t\t\t\t\t\t<\/div>\n\t\t\t\t<\/div>\n\t\t\t\t<div class=\"elementor-element elementor-element-bf5160e sc_fly_static elementor-widget elementor-widget-spacer\" data-id=\"bf5160e\" data-element_type=\"widget\" data-e-type=\"widget\" data-widget_type=\"spacer.default\">\n\t\t\t\t<div class=\"elementor-widget-container\">\n\t\t\t\t\t\t\t<div class=\"elementor-spacer\">\n\t\t\t<div class=\"elementor-spacer-inner\"><\/div>\n\t\t<\/div>\n\t\t\t\t\t\t<\/div>\n\t\t\t\t<\/div>\n\t\t\t\t<div class=\"elementor-element elementor-element-03f93ca sc_fly_static elementor-widget elementor-widget-text-editor\" data-id=\"03f93ca\" data-element_type=\"widget\" data-e-type=\"widget\" data-widget_type=\"text-editor.default\">\n\t\t\t\t<div class=\"elementor-widget-container\">\n\t\t\t\t\t\t\t\t\t<p class=\"p1\"><strong>Avec un syst\u00e8me de ventilation bien calcul\u00e9<\/strong><\/p><ul><li class=\"p1\">\u00a0L&rsquo;humidit\u00e9 exc\u00e9dentaire est \u00e9limin\u00e9e !<\/li><li class=\"p1\">Les polluants tels que le dioxyde de carbone ou les odeurs d\u00e9sagr\u00e9ables sont \u00e9vacu\u00e9s.<\/li><li class=\"p1\">Ils emp\u00eachent la formation de moisissures ! (Pi\u00e8ces humides &#8211; salle de bain)<\/li><li class=\"p1\">Vous b\u00e9n\u00e9ficiez d&rsquo;un climat int\u00e9rieur agr\u00e9able !<\/li><li class=\"p1\">Vous pouvez a\u00e9rer de mani\u00e8re contr\u00f4l\u00e9e m\u00eame par mauvais temps.<\/li><li class=\"p1\">L&rsquo;\u00e9change thermique dans votre maison est assur\u00e9.<\/li><li class=\"p1\">Gr\u00e2ce \u00e0 la r\u00e9cup\u00e9ration de chaleur, les \u00e9conomies d&rsquo;\u00e9nergie sont non seulement rentables et \u00e9cologiques, mais aussi bonnes pour la sant\u00e9 !<\/li><\/ul>\t\t\t\t\t\t\t\t<\/div>\n\t\t\t\t<\/div>\n\t\t\t\t\t<\/div>\n\t\t<\/div>\n\t\t\t\t<div class=\"elementor-column elementor-col-50 elementor-top-column elementor-element elementor-element-ec9d74b sc_inner_width_none sc_content_align_inherit sc_layouts_column_icons_position_left sc_fly_static\" data-id=\"ec9d74b\" data-element_type=\"column\" data-e-type=\"column\">\n\t\t\t<div class=\"elementor-widget-wrap elementor-element-populated\">\n\t\t\t\t\t\t<div class=\"elementor-element elementor-element-b07073d sc_fly_static elementor-widget elementor-widget-image\" data-id=\"b07073d\" data-element_type=\"widget\" data-e-type=\"widget\" data-widget_type=\"image.default\">\n\t\t\t\t<div class=\"elementor-widget-container\">\n\t\t\t\t\t\t\t\t\t\t\t\t\t\t\t<img decoding=\"async\" width=\"750\" height=\"500\" src=\"https:\/\/gemotec.eu\/wp-content\/uploads\/2023\/03\/Gemotec-belueftung2.jpg\" class=\"attachment-large size-large wp-image-20701\" alt=\"\" srcset=\"https:\/\/gemotec.eu\/wp-content\/uploads\/2023\/03\/Gemotec-belueftung2.jpg 750w, https:\/\/gemotec.eu\/wp-content\/uploads\/2023\/03\/Gemotec-belueftung2-300x200.jpg 300w, https:\/\/gemotec.eu\/wp-content\/uploads\/2023\/03\/Gemotec-belueftung2-370x247.jpg 370w, https:\/\/gemotec.eu\/wp-content\/uploads\/2023\/03\/Gemotec-belueftung2-410x273.jpg 410w, https:\/\/gemotec.eu\/wp-content\/uploads\/2023\/03\/Gemotec-belueftung2-600x400.jpg 600w\" sizes=\"(max-width: 750px) 100vw, 750px\" \/>\t\t\t\t\t\t\t\t\t\t\t\t\t\t\t<\/div>\n\t\t\t\t<\/div>\n\t\t\t\t<div class=\"elementor-element elementor-element-cb17575 sc_fly_static elementor-widget elementor-widget-spacer\" data-id=\"cb17575\" data-element_type=\"widget\" data-e-type=\"widget\" data-widget_type=\"spacer.default\">\n\t\t\t\t<div class=\"elementor-widget-container\">\n\t\t\t\t\t\t\t<div class=\"elementor-spacer\">\n\t\t\t<div class=\"elementor-spacer-inner\"><\/div>\n\t\t<\/div>\n\t\t\t\t\t\t<\/div>\n\t\t\t\t<\/div>\n\t\t\t\t<div class=\"elementor-element elementor-element-a00f98c sc_fly_static elementor-widget elementor-widget-image\" data-id=\"a00f98c\" data-element_type=\"widget\" data-e-type=\"widget\" data-widget_type=\"image.default\">\n\t\t\t\t<div class=\"elementor-widget-container\">\n\t\t\t\t\t\t\t\t\t\t\t\t\t\t\t<img decoding=\"async\" src=\"https:\/\/gemotec.eu\/wp-content\/uploads\/elementor\/thumbs\/ventilation-fr-rjo17atv6t6u17gj0e52nlv7hhpdez2jdosrisyqrs.png\" title=\"ventilation-fr\" alt=\"ventilation-fr\" loading=\"lazy\" \/>\t\t\t\t\t\t\t\t\t\t\t\t\t\t\t<\/div>\n\t\t\t\t<\/div>\n\t\t\t\t\t<\/div>\n\t\t<\/div>\n\t\t\t\t\t<\/div>\n\t\t<\/section>\n\t\t\t\t<section class=\"elementor-section elementor-top-section elementor-element elementor-element-21a521a elementor-section-boxed elementor-section-height-default elementor-section-height-default sc_fly_static\" data-id=\"21a521a\" data-element_type=\"section\" data-e-type=\"section\">\n\t\t\t\t\t\t<div class=\"elementor-container elementor-column-gap-extended\">\n\t\t\t\t\t<div class=\"elementor-column elementor-col-100 elementor-top-column elementor-element elementor-element-bdd49ca sc_inner_width_none sc_content_align_inherit sc_layouts_column_icons_position_left sc_fly_static\" data-id=\"bdd49ca\" data-element_type=\"column\" data-e-type=\"column\">\n\t\t\t<div class=\"elementor-widget-wrap elementor-element-populated\">\n\t\t\t\t\t\t<div class=\"elementor-element elementor-element-2607952 sc_height_large sc_fly_static elementor-widget elementor-widget-spacer\" data-id=\"2607952\" data-element_type=\"widget\" data-e-type=\"widget\" data-widget_type=\"spacer.default\">\n\t\t\t\t<div class=\"elementor-widget-container\">\n\t\t\t\t\t\t\t<div class=\"elementor-spacer\">\n\t\t\t<div class=\"elementor-spacer-inner\"><\/div>\n\t\t<\/div>\n\t\t\t\t\t\t<\/div>\n\t\t\t\t<\/div>\n\t\t\t\t<section class=\"elementor-section elementor-inner-section elementor-element elementor-element-b02f04e elementor-section-boxed elementor-section-height-default elementor-section-height-default sc_fly_static\" data-id=\"b02f04e\" data-element_type=\"section\" data-e-type=\"section\">\n\t\t\t\t\t\t<div class=\"elementor-container elementor-column-gap-extended\">\n\t\t\t\t\t<div class=\"elementor-column elementor-col-100 elementor-inner-column elementor-element elementor-element-9ec9ca8 sc_inner_width_none sc_content_align_inherit sc_layouts_column_icons_position_left sc_fly_static\" data-id=\"9ec9ca8\" data-element_type=\"column\" data-e-type=\"column\">\n\t\t\t<div class=\"elementor-widget-wrap elementor-element-populated\">\n\t\t\t\t\t\t<div class=\"elementor-element elementor-element-9873dd6 sc_fly_static elementor-widget elementor-widget-text-editor\" data-id=\"9873dd6\" data-element_type=\"widget\" data-e-type=\"widget\" data-widget_type=\"text-editor.default\">\n\t\t\t\t<div class=\"elementor-widget-container\">\n\t\t\t\t\t\t\t\t\t<h3 class=\"p1\" style=\"text-align: center;\"><span style=\"color: #f8d117;\"><em>\u00ab Avec un syst\u00e8me de ventilation Gemotec, vous respirez librement. \u00bb\n<\/em><\/span><\/h3>\t\t\t\t\t\t\t\t<\/div>\n\t\t\t\t<\/div>\n\t\t\t\t\t<\/div>\n\t\t<\/div>\n\t\t\t\t\t<\/div>\n\t\t<\/section>\n\t\t\t\t<div class=\"elementor-element elementor-element-8990618 sc_height_large sc_fly_static elementor-widget elementor-widget-spacer\" data-id=\"8990618\" data-element_type=\"widget\" data-e-type=\"widget\" data-widget_type=\"spacer.default\">\n\t\t\t\t<div class=\"elementor-widget-container\">\n\t\t\t\t\t\t\t<div class=\"elementor-spacer\">\n\t\t\t<div class=\"elementor-spacer-inner\"><\/div>\n\t\t<\/div>\n\t\t\t\t\t\t<\/div>\n\t\t\t\t<\/div>\n\t\t\t\t<div class=\"elementor-element elementor-element-1c1e542 elementor-widget-divider--separator-type-pattern elementor-widget-divider--view-line sc_fly_static elementor-widget elementor-widget-divider\" data-id=\"1c1e542\" data-element_type=\"widget\" data-e-type=\"widget\" data-widget_type=\"divider.default\">\n\t\t\t\t<div class=\"elementor-widget-container\">\n\t\t\t\t\t\t\t<div class=\"elementor-divider\" style=\"--divider-pattern-url: url(&quot;data:image\/svg+xml,%3Csvg xmlns=&#039;http:\/\/www.w3.org\/2000\/svg&#039; preserveAspectRatio=&#039;none&#039; overflow=&#039;visible&#039; height=&#039;100%&#039; viewBox=&#039;0 0 20 16&#039; fill=&#039;none&#039; stroke=&#039;black&#039; stroke-width=&#039;2.2&#039; stroke-linecap=&#039;square&#039; stroke-miterlimit=&#039;10&#039;%3E%3Cg transform=&#039;translate(-12.000000, 0)&#039;%3E%3Cpath d=&#039;M28,0L10,18&#039;\/%3E%3Cpath d=&#039;M18,0L0,18&#039;\/%3E%3Cpath d=&#039;M48,0L30,18&#039;\/%3E%3Cpath d=&#039;M38,0L20,18&#039;\/%3E%3C\/g%3E%3C\/svg%3E&quot;);\">\n\t\t\t<span class=\"elementor-divider-separator\">\n\t\t\t\t\t\t<\/span>\n\t\t<\/div>\n\t\t\t\t\t\t<\/div>\n\t\t\t\t<\/div>\n\t\t\t\t<div class=\"elementor-element elementor-element-f3b1b23 sc_fly_static elementor-widget elementor-widget-trx_sc_icons\" data-id=\"f3b1b23\" data-element_type=\"widget\" data-e-type=\"widget\" data-widget_type=\"trx_sc_icons.default\">\n\t\t\t\t<div class=\"elementor-widget-container\">\n\t\t\t\t\t<div \tclass=\"sc_icons sc_icons_alter sc_icons_size_large sc_align_left\" ><div class=\"sc_icons_item sc_icons_item_linked with_more\"><div class=\"sc_icons_icon sc_icon_type_ icon-speech\" style=\"color: #63AE20\" ><span class=\"sc_icon_type_ icon-speech\" style=\"color: #63AE20\"><\/span><\/div><div class=\"sc_icons_item_details\"><h4 class=\"sc_icons_item_title\" style=\"color:#1A4E23;\"><a href=\"https:\/\/gemotec.eu\/fr\/contact\/\">\n                                    Contactez-nous                                    <\/a><\/h4><div class=\"sc_icons_item_description\"><span>Vous avez des questions  ou souhaitez discuter de votre projet ? N'h\u00e9sitez pas \u00e0 nous contacter.<\/span><\/div><a href=\"https:\/\/gemotec.eu\/fr\/contact\/\" class=\"sc_icons_item_more_link\">\n                        <span class=\"link_text\">Allez \u00e0 la demande<\/span><span class=\"link_icon\"><\/span>\n                        <\/a><a href=\"https:\/\/gemotec.eu\/fr\/contact\/\"\n                        class=\"sc_icons_item_link\">\n                        <\/a><\/div><\/div><\/div><!-- \/.sc_icons -->\t\t\t\t<\/div>\n\t\t\t\t<\/div>\n\t\t\t\t<div class=\"elementor-element elementor-element-8b14cf1 sc_height_huge sc_fly_static elementor-widget elementor-widget-spacer\" data-id=\"8b14cf1\" data-element_type=\"widget\" data-e-type=\"widget\" data-widget_type=\"spacer.default\">\n\t\t\t\t<div class=\"elementor-widget-container\">\n\t\t\t\t\t\t\t<div class=\"elementor-spacer\">\n\t\t\t<div class=\"elementor-spacer-inner\"><\/div>\n\t\t<\/div>\n\t\t\t\t\t\t<\/div>\n\t\t\t\t<\/div>\n\t\t\t\t<div class=\"elementor-element elementor-element-629050e sc_height_tiny sc_layouts_hide_on_notebook sc_layouts_hide_on_tablet sc_layouts_hide_on_mobile sc_fly_static elementor-widget elementor-widget-spacer\" data-id=\"629050e\" data-element_type=\"widget\" data-e-type=\"widget\" data-widget_type=\"spacer.default\">\n\t\t\t\t<div class=\"elementor-widget-container\">\n\t\t\t\t\t\t\t<div class=\"elementor-spacer\">\n\t\t\t<div class=\"elementor-spacer-inner\"><\/div>\n\t\t<\/div>\n\t\t\t\t\t\t<\/div>\n\t\t\t\t<\/div>\n\t\t\t\t\t<\/div>\n\t\t<\/div>\n\t\t\t\t\t<\/div>\n\t\t<\/section>\n\t\t\t\t<\/div>\n\t\t","protected":false},"excerpt":{"rendered":"<p>De l&rsquo;air frais dans votre maison \u00e0 tout moment Dans les maisons \u00e0 basse consommation \u00e9nerg\u00e9tique et passives, l&rsquo;enveloppe du b\u00e2timent est tellement \u00e9tanche \u00e0 l&rsquo;air que l&rsquo;humidit\u00e9 produite \u00e0&hellip;<\/p>\n","protected":false},"author":1,"featured_media":0,"parent":0,"menu_order":0,"comment_status":"closed","ping_status":"closed","template":"","meta":{"_monsterinsights_skip_tracking":false,"_monsterinsights_sitenote_active":false,"_monsterinsights_sitenote_note":"","_monsterinsights_sitenote_category":0,"footnotes":""},"class_list":["post-20703","page","type-page","status-publish","hentry"],"_links":{"self":[{"href":"https:\/\/gemotec.eu\/fr\/wp-json\/wp\/v2\/pages\/20703","targetHints":{"allow":["GET"]}}],"collection":[{"href":"https:\/\/gemotec.eu\/fr\/wp-json\/wp\/v2\/pages"}],"about":[{"href":"https:\/\/gemotec.eu\/fr\/wp-json\/wp\/v2\/types\/page"}],"author":[{"embeddable":true,"href":"https:\/\/gemotec.eu\/fr\/wp-json\/wp\/v2\/users\/1"}],"replies":[{"embeddable":true,"href":"https:\/\/gemotec.eu\/fr\/wp-json\/wp\/v2\/comments?post=20703"}],"version-history":[{"count":5,"href":"https:\/\/gemotec.eu\/fr\/wp-json\/wp\/v2\/pages\/20703\/revisions"}],"predecessor-version":[{"id":20770,"href":"https:\/\/gemotec.eu\/fr\/wp-json\/wp\/v2\/pages\/20703\/revisions\/20770"}],"wp:attachment":[{"href":"https:\/\/gemotec.eu\/fr\/wp-json\/wp\/v2\/media?parent=20703"}],"curies":[{"name":"wp","href":"https:\/\/api.w.org\/{rel}","templated":true}]}}